{"id":110,"date":"2024-05-28T15:18:06","date_gmt":"2024-05-28T15:18:06","guid":{"rendered":"https:\/\/barriusoabogados.rkinformatika.online\/?page_id=110"},"modified":"2024-07-10T09:29:55","modified_gmt":"2024-07-10T09:29:55","slug":"administrativo","status":"publish","type":"page","link":"https:\/\/bo-abogados.es\/eus\/administrativo\/","title":{"rendered":"Administraria"},"content":{"rendered":"\t\t<div data-elementor-type=\"wp-page\" data-elementor-id=\"110\" class=\"elementor elementor-110\" data-elementor-post-type=\"page\">\n\t\t\t\t\t\t<section class=\"elementor-section elementor-top-section elementor-element elementor-element-eb37bdb elementor-section-boxed elementor-section-height-default elementor-section-height-default\" data-id=\"eb37bdb\" data-element_type=\"section\" data-e-type=\"section\" data-settings=\"{&quot;background_background&quot;:&quot;slideshow&quot;,&quot;background_slideshow_gallery&quot;:[{&quot;id&quot;:465,&quot;url&quot;:&quot;https:\\\/\\\/bo-abogados.es\\\/wp-content\\\/uploads\\\/2024\\\/05\\\/the-lawyer-working-with-a-client-discussing-contract-paper-a-business-lawyer-working-about-legal-le.jpg&quot;},{&quot;id&quot;:466,&quot;url&quot;:&quot;https:\\\/\\\/bo-abogados.es\\\/wp-content\\\/uploads\\\/2024\\\/05\\\/close-up-lawyer-businessman-working-or-reading-lawbook-in-office-workplace-for-consultant-lawyer-1.jpg&quot;}],&quot;background_slideshow_ken_burns&quot;:&quot;yes&quot;,&quot;background_slideshow_loop&quot;:&quot;yes&quot;,&quot;background_slideshow_slide_duration&quot;:5000,&quot;background_slideshow_slide_transition&quot;:&quot;fade&quot;,&quot;background_slideshow_transition_duration&quot;:500,&quot;background_slideshow_ken_burns_zoom_direction&quot;:&quot;in&quot;}\">\n\t\t\t\t\t\t\t<div class=\"elementor-background-overlay\"><\/div>\n\t\t\t\t\t\t\t<div class=\"elementor-container elementor-column-gap-default\">\n\t\t\t\t\t<div class=\"elementor-column elementor-col-100 elementor-top-column elementor-element elementor-element-abfed7e\" data-id=\"abfed7e\" data-element_type=\"column\" data-e-type=\"column\">\n\t\t\t<div class=\"elementor-widget-wrap\">\n\t\t\t\t\t\t\t<\/div>\n\t\t<\/div>\n\t\t\t\t\t<\/div>\n\t\t<\/section>\n\t\t\t\t<section class=\"elementor-section elementor-top-section elementor-element elementor-element-91ba788 elementor-section-boxed elementor-section-height-default elementor-section-height-default\" data-id=\"91ba788\" data-element_type=\"section\" data-e-type=\"section\">\n\t\t\t\t\t\t<div class=\"elementor-container elementor-column-gap-no\">\n\t\t\t\t\t<div class=\"elementor-column elementor-col-50 elementor-top-column elementor-element elementor-element-d61b025 elementor-invisible\" data-id=\"d61b025\" data-element_type=\"column\" data-e-type=\"column\" data-settings=\"{&quot;animation&quot;:&quot;fadeInRight&quot;}\">\n\t\t\t<div class=\"elementor-widget-wrap elementor-element-populated\">\n\t\t\t\t\t\t<div class=\"elementor-element elementor-element-d1df4d2 elementor-widget elementor-widget-heading\" data-id=\"d1df4d2\" data-element_type=\"widget\" data-e-type=\"widget\" data-widget_type=\"heading.default\">\n\t\t\t\t<div class=\"elementor-widget-container\">\n\t\t\t\t\t<h3 class=\"elementor-heading-title elementor-size-default\">\u00bfQue ofrecemos?<\/h3>\t\t\t\t<\/div>\n\t\t\t\t<\/div>\n\t\t\t\t<div class=\"elementor-element elementor-element-b042d96 elementor-widget elementor-widget-spacer\" data-id=\"b042d96\" data-element_type=\"widget\" data-e-type=\"widget\" data-widget_type=\"spacer.default\">\n\t\t\t\t<div class=\"elementor-widget-container\">\n\t\t\t\t\t\t\t<div class=\"elementor-spacer\">\n\t\t\t<div class=\"elementor-spacer-inner\"><\/div>\n\t\t<\/div>\n\t\t\t\t\t\t<\/div>\n\t\t\t\t<\/div>\n\t\t\t\t<div class=\"elementor-element elementor-element-6d67d61 elementor-widget elementor-widget-text-editor\" data-id=\"6d67d61\" data-element_type=\"widget\" data-e-type=\"widget\" data-widget_type=\"text-editor.default\">\n\t\t\t\t<div class=\"elementor-widget-container\">\n\t\t\t\t\t\t\t\t\t<p>Ofrecemos asesoramiento integral y defensa especializada frente a cualquier Administraci\u00f3n P\u00fablica, abarcando desde la presentaci\u00f3n de recursos administrativos hasta la representaci\u00f3n en procedimientos contencioso-administrativos. Nuestro equipo de expertos est\u00e1 capacitado para brindar soluciones efectivas y personalizadas, asegurando que sus derechos e intereses sean protegidos en todo momento. Adem\u00e1s, nos encargamos de la gesti\u00f3n de tr\u00e1mites y la resoluci\u00f3n de conflictos con entidades gubernamentales, garantizando un acompa\u00f1amiento continuo y profesional en cada etapa del proceso. Conf\u00ede en nosotros para obtener un servicio de calidad y resultados satisfactorios.\u00a0<\/p>\t\t\t\t\t\t\t\t<\/div>\n\t\t\t\t<\/div>\n\t\t\t\t\t<\/div>\n\t\t<\/div>\n\t\t\t\t<div class=\"elementor-column elementor-col-50 elementor-top-column elementor-element elementor-element-1de9438 elementor-invisible\" data-id=\"1de9438\" data-element_type=\"column\" data-e-type=\"column\" data-settings=\"{&quot;animation&quot;:&quot;fadeInLeft&quot;}\">\n\t\t\t<div class=\"elementor-widget-wrap elementor-element-populated\">\n\t\t\t\t\t\t<div class=\"elementor-element elementor-element-cf93637 elementor-widget elementor-widget-image\" data-id=\"cf93637\" data-element_type=\"widget\" data-e-type=\"widget\" data-widget_type=\"image.default\">\n\t\t\t\t<div class=\"elementor-widget-container\">\n\t\t\t\t\t\t\t\t\t\t\t\t\t\t\t<img fetchpriority=\"high\" decoding=\"async\" width=\"2000\" height=\"1333\" src=\"https:\/\/bo-abogados.es\/wp-content\/uploads\/2024\/05\/businessman-and-lawyer-shaking-hands-1-1.jpg\" class=\"attachment-full size-full wp-image-470\" alt=\"Businessman and lawyer shaking hands.\" srcset=\"https:\/\/bo-abogados.es\/wp-content\/uploads\/2024\/05\/businessman-and-lawyer-shaking-hands-1-1.jpg 2000w, https:\/\/bo-abogados.es\/wp-content\/uploads\/2024\/05\/businessman-and-lawyer-shaking-hands-1-1-300x200.jpg 300w, https:\/\/bo-abogados.es\/wp-content\/uploads\/2024\/05\/businessman-and-lawyer-shaking-hands-1-1-1024x682.jpg 1024w, https:\/\/bo-abogados.es\/wp-content\/uploads\/2024\/05\/businessman-and-lawyer-shaking-hands-1-1-768x512.jpg 768w, https:\/\/bo-abogados.es\/wp-content\/uploads\/2024\/05\/businessman-and-lawyer-shaking-hands-1-1-1536x1024.jpg 1536w, https:\/\/bo-abogados.es\/wp-content\/uploads\/2024\/05\/businessman-and-lawyer-shaking-hands-1-1-18x12.jpg 18w\" sizes=\"(max-width: 2000px) 100vw, 2000px\" \/>\t\t\t\t\t\t\t\t\t\t\t\t\t\t\t<\/div>\n\t\t\t\t<\/div>\n\t\t\t\t\t<\/div>\n\t\t<\/div>\n\t\t\t\t\t<\/div>\n\t\t<\/section>\n\t\t\t\t<\/div>\n\t\t","protected":false},"excerpt":{"rendered":"<p>\u00bfQue ofrecemos? Ofrecemos asesoramiento integral y defensa especializada frente a cualquier Administraci\u00f3n P\u00fablica, abarcando desde la presentaci\u00f3n de recursos administrativos hasta la representaci\u00f3n en procedimientos contencioso-administrativos. Nuestro equipo de expertos est\u00e1 capacitado para brindar soluciones efectivas y personalizadas, asegurando que sus derechos e intereses sean protegidos en todo momento. Adem\u00e1s, nos encargamos de la gesti\u00f3n [&hellip;]<\/p>\n","protected":false},"author":1,"featured_media":0,"parent":0,"menu_order":0,"comment_status":"closed","ping_status":"closed","template":"elementor_canvas","meta":{"footnotes":""},"class_list":["post-110","page","type-page","status-publish","hentry"],"yoast_head":"<!-- This site is optimized with the Yoast SEO plugin v27.4 - https:\/\/yoast.com\/product\/yoast-seo-wordpress\/ -->\n<title>Administrativo - Barriuso Abogados<\/title>\n<meta name=\"robots\" content=\"index, follow, max-snippet:-1, max-image-preview:large, max-video-preview:-1\" \/>\n<link rel=\"canonical\" href=\"https:\/\/bo-abogados.es\/eus\/administrativo\/\" \/>\n<meta property=\"og:locale\" content=\"en_US\" \/>\n<meta property=\"og:type\" content=\"article\" \/>\n<meta property=\"og:title\" content=\"Administrativo - Barriuso Abogados\" \/>\n<meta property=\"og:description\" content=\"\u00bfQue ofrecemos? Ofrecemos asesoramiento integral y defensa especializada frente a cualquier Administraci\u00f3n P\u00fablica, abarcando desde la presentaci\u00f3n de recursos administrativos hasta la representaci\u00f3n en procedimientos contencioso-administrativos. Nuestro equipo de expertos est\u00e1 capacitado para brindar soluciones efectivas y personalizadas, asegurando que sus derechos e intereses sean protegidos en todo momento. Adem\u00e1s, nos encargamos de la gesti\u00f3n [&hellip;]\" \/>\n<meta property=\"og:url\" content=\"https:\/\/bo-abogados.es\/eus\/administrativo\/\" \/>\n<meta property=\"og:site_name\" content=\"Barriuso Abogados\" \/>\n<meta property=\"article:modified_time\" content=\"2024-07-10T09:29:55+00:00\" \/>\n<meta property=\"og:image\" content=\"https:\/\/bo-abogados.es\/wp-content\/uploads\/2024\/05\/businessman-and-lawyer-shaking-hands-1-1.jpg\" \/>\n<meta name=\"twitter:card\" content=\"summary_large_image\" \/>\n<meta name=\"twitter:label1\" content=\"Est. reading time\" \/>\n\t<meta name=\"twitter:data1\" content=\"1 minutua\" \/>\n<script type=\"application\/ld+json\" class=\"yoast-schema-graph\">{\"@context\":\"https:\\\/\\\/schema.org\",\"@graph\":[{\"@type\":\"WebPage\",\"@id\":\"https:\\\/\\\/bo-abogados.es\\\/administrativo\\\/\",\"url\":\"https:\\\/\\\/bo-abogados.es\\\/administrativo\\\/\",\"name\":\"Administrativo - Barriuso Abogados\",\"isPartOf\":{\"@id\":\"https:\\\/\\\/bo-abogados.es\\\/#website\"},\"primaryImageOfPage\":{\"@id\":\"https:\\\/\\\/bo-abogados.es\\\/administrativo\\\/#primaryimage\"},\"image\":{\"@id\":\"https:\\\/\\\/bo-abogados.es\\\/administrativo\\\/#primaryimage\"},\"thumbnailUrl\":\"https:\\\/\\\/bo-abogados.es\\\/wp-content\\\/uploads\\\/2024\\\/05\\\/businessman-and-lawyer-shaking-hands-1-1.jpg\",\"datePublished\":\"2024-05-28T15:18:06+00:00\",\"dateModified\":\"2024-07-10T09:29:55+00:00\",\"breadcrumb\":{\"@id\":\"https:\\\/\\\/bo-abogados.es\\\/administrativo\\\/#breadcrumb\"},\"inLanguage\":\"eu\",\"potentialAction\":[{\"@type\":\"ReadAction\",\"target\":[\"https:\\\/\\\/bo-abogados.es\\\/administrativo\\\/\"]}]},{\"@type\":\"ImageObject\",\"inLanguage\":\"eu\",\"@id\":\"https:\\\/\\\/bo-abogados.es\\\/administrativo\\\/#primaryimage\",\"url\":\"https:\\\/\\\/bo-abogados.es\\\/wp-content\\\/uploads\\\/2024\\\/05\\\/businessman-and-lawyer-shaking-hands-1-1.jpg\",\"contentUrl\":\"https:\\\/\\\/bo-abogados.es\\\/wp-content\\\/uploads\\\/2024\\\/05\\\/businessman-and-lawyer-shaking-hands-1-1.jpg\"},{\"@type\":\"BreadcrumbList\",\"@id\":\"https:\\\/\\\/bo-abogados.es\\\/administrativo\\\/#breadcrumb\",\"itemListElement\":[{\"@type\":\"ListItem\",\"position\":1,\"name\":\"Portada\",\"item\":\"https:\\\/\\\/bo-abogados.es\\\/\"},{\"@type\":\"ListItem\",\"position\":2,\"name\":\"Administrativo\"}]},{\"@type\":\"WebSite\",\"@id\":\"https:\\\/\\\/bo-abogados.es\\\/#website\",\"url\":\"https:\\\/\\\/bo-abogados.es\\\/\",\"name\":\"Barriuso Abogados\",\"description\":\"Somos abogados especializados en Derecho Penal, Extranjer\u00eda, Penitenciario y Administrativo. Ofrecemos un servicio integral y personalizado, basado en la confianza mutua.\",\"publisher\":{\"@id\":\"https:\\\/\\\/bo-abogados.es\\\/#organization\"},\"potentialAction\":[{\"@type\":\"SearchAction\",\"target\":{\"@type\":\"EntryPoint\",\"urlTemplate\":\"https:\\\/\\\/bo-abogados.es\\\/?s={search_term_string}\"},\"query-input\":{\"@type\":\"PropertyValueSpecification\",\"valueRequired\":true,\"valueName\":\"search_term_string\"}}],\"inLanguage\":\"eu\"},{\"@type\":\"Organization\",\"@id\":\"https:\\\/\\\/bo-abogados.es\\\/#organization\",\"name\":\"Barriuso Abogados\",\"url\":\"https:\\\/\\\/bo-abogados.es\\\/\",\"logo\":{\"@type\":\"ImageObject\",\"inLanguage\":\"eu\",\"@id\":\"https:\\\/\\\/bo-abogados.es\\\/#\\\/schema\\\/logo\\\/image\\\/\",\"url\":\"https:\\\/\\\/bo-abogados.es\\\/wp-content\\\/uploads\\\/2024\\\/06\\\/cropped-LOGO-e1718695730524.png\",\"contentUrl\":\"https:\\\/\\\/bo-abogados.es\\\/wp-content\\\/uploads\\\/2024\\\/06\\\/cropped-LOGO-e1718695730524.png\",\"width\":485,\"height\":377,\"caption\":\"Barriuso Abogados\"},\"image\":{\"@id\":\"https:\\\/\\\/bo-abogados.es\\\/#\\\/schema\\\/logo\\\/image\\\/\"}}]}<\/script>\n<!-- \/ Yoast SEO plugin. -->","yoast_head_json":{"title":"Administrativo - Barriuso Abogados","robots":{"index":"index","follow":"follow","max-snippet":"max-snippet:-1","max-image-preview":"max-image-preview:large","max-video-preview":"max-video-preview:-1"},"canonical":"https:\/\/bo-abogados.es\/eus\/administrativo\/","og_locale":"en_US","og_type":"article","og_title":"Administrativo - Barriuso Abogados","og_description":"\u00bfQue ofrecemos? Ofrecemos asesoramiento integral y defensa especializada frente a cualquier Administraci\u00f3n P\u00fablica, abarcando desde la presentaci\u00f3n de recursos administrativos hasta la representaci\u00f3n en procedimientos contencioso-administrativos. Nuestro equipo de expertos est\u00e1 capacitado para brindar soluciones efectivas y personalizadas, asegurando que sus derechos e intereses sean protegidos en todo momento. Adem\u00e1s, nos encargamos de la gesti\u00f3n [&hellip;]","og_url":"https:\/\/bo-abogados.es\/eus\/administrativo\/","og_site_name":"Barriuso Abogados","article_modified_time":"2024-07-10T09:29:55+00:00","og_image":[{"url":"https:\/\/bo-abogados.es\/wp-content\/uploads\/2024\/05\/businessman-and-lawyer-shaking-hands-1-1.jpg","type":"","width":"","height":""}],"twitter_card":"summary_large_image","twitter_misc":{"Est. reading time":"1 minutua"},"schema":{"@context":"https:\/\/schema.org","@graph":[{"@type":"WebPage","@id":"https:\/\/bo-abogados.es\/administrativo\/","url":"https:\/\/bo-abogados.es\/administrativo\/","name":"Administrativo - Barriuso Abogados","isPartOf":{"@id":"https:\/\/bo-abogados.es\/#website"},"primaryImageOfPage":{"@id":"https:\/\/bo-abogados.es\/administrativo\/#primaryimage"},"image":{"@id":"https:\/\/bo-abogados.es\/administrativo\/#primaryimage"},"thumbnailUrl":"https:\/\/bo-abogados.es\/wp-content\/uploads\/2024\/05\/businessman-and-lawyer-shaking-hands-1-1.jpg","datePublished":"2024-05-28T15:18:06+00:00","dateModified":"2024-07-10T09:29:55+00:00","breadcrumb":{"@id":"https:\/\/bo-abogados.es\/administrativo\/#breadcrumb"},"inLanguage":"eu","potentialAction":[{"@type":"ReadAction","target":["https:\/\/bo-abogados.es\/administrativo\/"]}]},{"@type":"ImageObject","inLanguage":"eu","@id":"https:\/\/bo-abogados.es\/administrativo\/#primaryimage","url":"https:\/\/bo-abogados.es\/wp-content\/uploads\/2024\/05\/businessman-and-lawyer-shaking-hands-1-1.jpg","contentUrl":"https:\/\/bo-abogados.es\/wp-content\/uploads\/2024\/05\/businessman-and-lawyer-shaking-hands-1-1.jpg"},{"@type":"BreadcrumbList","@id":"https:\/\/bo-abogados.es\/administrativo\/#breadcrumb","itemListElement":[{"@type":"ListItem","position":1,"name":"Portada","item":"https:\/\/bo-abogados.es\/"},{"@type":"ListItem","position":2,"name":"Administrativo"}]},{"@type":"WebSite","@id":"https:\/\/bo-abogados.es\/#website","url":"https:\/\/bo-abogados.es\/","name":"Barriuso Abokatu ra","description":"Somos abogados especializados en Derecho Penal, Extranjer\u00eda, Penitenciario y Administrativo. Ofrecemos un servicio integral y personalizado, basado en la confianza mutua.","publisher":{"@id":"https:\/\/bo-abogados.es\/#organization"},"potentialAction":[{"@type":"SearchAction","target":{"@type":"EntryPoint","urlTemplate":"https:\/\/bo-abogados.es\/?s={search_term_string}"},"query-input":{"@type":"PropertyValueSpecification","valueRequired":true,"valueName":"search_term_string"}}],"inLanguage":"eu"},{"@type":"Organization","@id":"https:\/\/bo-abogados.es\/#organization","name":"Barriuso Abokatu ra","url":"https:\/\/bo-abogados.es\/","logo":{"@type":"ImageObject","inLanguage":"eu","@id":"https:\/\/bo-abogados.es\/#\/schema\/logo\/image\/","url":"https:\/\/bo-abogados.es\/wp-content\/uploads\/2024\/06\/cropped-LOGO-e1718695730524.png","contentUrl":"https:\/\/bo-abogados.es\/wp-content\/uploads\/2024\/06\/cropped-LOGO-e1718695730524.png","width":485,"height":377,"caption":"Barriuso Abogados"},"image":{"@id":"https:\/\/bo-abogados.es\/#\/schema\/logo\/image\/"}}]}},"_links":{"self":[{"href":"https:\/\/bo-abogados.es\/eus\/wp-json\/wp\/v2\/pages\/110","targetHints":{"allow":["GET"]}}],"collection":[{"href":"https:\/\/bo-abogados.es\/eus\/wp-json\/wp\/v2\/pages"}],"about":[{"href":"https:\/\/bo-abogados.es\/eus\/wp-json\/wp\/v2\/types\/page"}],"author":[{"embeddable":true,"href":"https:\/\/bo-abogados.es\/eus\/wp-json\/wp\/v2\/users\/1"}],"replies":[{"embeddable":true,"href":"https:\/\/bo-abogados.es\/eus\/wp-json\/wp\/v2\/comments?post=110"}],"version-history":[{"count":37,"href":"https:\/\/bo-abogados.es\/eus\/wp-json\/wp\/v2\/pages\/110\/revisions"}],"predecessor-version":[{"id":902,"href":"https:\/\/bo-abogados.es\/eus\/wp-json\/wp\/v2\/pages\/110\/revisions\/902"}],"wp:attachment":[{"href":"https:\/\/bo-abogados.es\/eus\/wp-json\/wp\/v2\/media?parent=110"}],"curies":[{"name":"wp","href":"https:\/\/api.w.org\/{rel}","templated":true}]}}