{"id":2,"date":"2024-05-28T11:07:39","date_gmt":"2024-05-28T11:07:39","guid":{"rendered":"https:\/\/barriusoabogados.rkinformatika.online\/?page_id=2"},"modified":"2024-07-10T09:31:13","modified_gmt":"2024-07-10T09:31:13","slug":"inicio","status":"publish","type":"page","link":"https:\/\/bo-abogados.es\/eus\/","title":{"rendered":"Hasiera"},"content":{"rendered":"\t\t<div data-elementor-type=\"wp-page\" data-elementor-id=\"2\" class=\"elementor elementor-2\" data-elementor-post-type=\"page\">\n\t\t\t\t\t\t<section class=\"elementor-section elementor-top-section elementor-element elementor-element-32295692 elementor-section-boxed elementor-section-height-default elementor-section-height-default\" data-id=\"32295692\" data-element_type=\"section\" data-e-type=\"section\" data-settings=\"{&quot;background_background&quot;:&quot;slideshow&quot;,&quot;background_slideshow_gallery&quot;:[{&quot;id&quot;:678,&quot;url&quot;:&quot;https:\\\/\\\/bo-abogados.es\\\/wp-content\\\/uploads\\\/2024\\\/06\\\/business-lawyer-is-currently-counseling-the-client-s-trial-at-the-lawyer-office-.jpg&quot;},{&quot;id&quot;:158,&quot;url&quot;:&quot;https:\\\/\\\/bo-abogados.es\\\/wp-content\\\/uploads\\\/2024\\\/05\\\/lawyers-shake-hands-with-business-people-to-seal-a-deal-with-partner-lawyers.jpg&quot;}],&quot;background_slideshow_ken_burns&quot;:&quot;yes&quot;,&quot;background_slideshow_loop&quot;:&quot;yes&quot;,&quot;background_slideshow_slide_duration&quot;:5000,&quot;background_slideshow_slide_transition&quot;:&quot;fade&quot;,&quot;background_slideshow_transition_duration&quot;:500,&quot;background_slideshow_ken_burns_zoom_direction&quot;:&quot;in&quot;}\">\n\t\t\t\t\t\t\t<div class=\"elementor-background-overlay\"><\/div>\n\t\t\t\t\t\t\t<div class=\"elementor-container elementor-column-gap-default\">\n\t\t\t\t\t<div class=\"elementor-column elementor-col-100 elementor-top-column elementor-element elementor-element-486539ce\" data-id=\"486539ce\" data-element_type=\"column\" data-e-type=\"column\">\n\t\t\t<div class=\"elementor-widget-wrap elementor-element-populated\">\n\t\t\t\t\t\t<div class=\"elementor-element elementor-element-7be9715 elementor-widget elementor-widget-text-editor\" data-id=\"7be9715\" data-element_type=\"widget\" data-e-type=\"widget\" data-widget_type=\"text-editor.default\">\n\t\t\t\t<div class=\"elementor-widget-container\">\n\t\t\t\t\t\t\t\t\t<p>Bienvenido a<\/p>\t\t\t\t\t\t\t\t<\/div>\n\t\t\t\t<\/div>\n\t\t\t\t<div class=\"elementor-element elementor-element-5cf95a8c elementor-widget elementor-widget-heading\" data-id=\"5cf95a8c\" data-element_type=\"widget\" data-e-type=\"widget\" data-widget_type=\"heading.default\">\n\t\t\t\t<div class=\"elementor-widget-container\">\n\t\t\t\t\t<h1 class=\"elementor-heading-title elementor-size-default\">Barriuso Abogados<\/h1>\t\t\t\t<\/div>\n\t\t\t\t<\/div>\n\t\t\t\t<div class=\"elementor-element elementor-element-accd5fd elementor-widget elementor-widget-text-editor\" data-id=\"accd5fd\" data-element_type=\"widget\" data-e-type=\"widget\" data-widget_type=\"text-editor.default\">\n\t\t\t\t<div class=\"elementor-widget-container\">\n\t\t\t\t\t\t\t\t\t<p>\u00a1COn confianza y profesionalidad te solucionaremos todos tus problemas!<\/p>\t\t\t\t\t\t\t\t<\/div>\n\t\t\t\t<\/div>\n\t\t\t\t\t<\/div>\n\t\t<\/div>\n\t\t\t\t\t<\/div>\n\t\t<\/section>\n\t\t\t\t<section class=\"elementor-section elementor-top-section elementor-element elementor-element-20f32bc9 elementor-section-boxed elementor-section-height-default elementor-section-height-default\" data-id=\"20f32bc9\" data-element_type=\"section\" data-e-type=\"section\">\n\t\t\t\t\t\t<div class=\"elementor-container elementor-column-gap-no\">\n\t\t\t\t\t<div class=\"elementor-column elementor-col-50 elementor-top-column elementor-element elementor-element-6d95c886 elementor-invisible\" data-id=\"6d95c886\" data-element_type=\"column\" data-e-type=\"column\" data-settings=\"{&quot;animation&quot;:&quot;fadeInRight&quot;,&quot;background_background&quot;:&quot;classic&quot;}\">\n\t\t\t<div class=\"elementor-widget-wrap elementor-element-populated\">\n\t\t\t\t\t\t<div class=\"elementor-element elementor-element-15cd14c2 elementor-widget elementor-widget-heading\" data-id=\"15cd14c2\" data-element_type=\"widget\" data-e-type=\"widget\" data-widget_type=\"heading.default\">\n\t\t\t\t<div class=\"elementor-widget-container\">\n\t\t\t\t\t<h3 class=\"elementor-heading-title elementor-size-default\">Sobre nosotros<\/h3>\t\t\t\t<\/div>\n\t\t\t\t<\/div>\n\t\t\t\t<div class=\"elementor-element elementor-element-18145012 elementor-widget elementor-widget-spacer\" data-id=\"18145012\" data-element_type=\"widget\" data-e-type=\"widget\" data-widget_type=\"spacer.default\">\n\t\t\t\t<div class=\"elementor-widget-container\">\n\t\t\t\t\t\t\t<div class=\"elementor-spacer\">\n\t\t\t<div class=\"elementor-spacer-inner\"><\/div>\n\t\t<\/div>\n\t\t\t\t\t\t<\/div>\n\t\t\t\t<\/div>\n\t\t\t\t<div class=\"elementor-element elementor-element-6d3a2538 elementor-widget elementor-widget-text-editor\" data-id=\"6d3a2538\" data-element_type=\"widget\" data-e-type=\"widget\" data-widget_type=\"text-editor.default\">\n\t\t\t\t<div class=\"elementor-widget-container\">\n\t\t\t\t\t\t\t\t\t<p>Somos abogados especializados en Derecho Penal, Extranjer\u00eda, Penitenciario y Administrativo. Ofrecemos un servicio integral y personalizado, basado en la confianza mutua. Nuestro objetivo es adaptarnos a sus necesidades, garantizando su satisfacci\u00f3n. Conf\u00ede en nosotros para un servicio excepcional y una relaci\u00f3n duradera.<\/p>\t\t\t\t\t\t\t\t<\/div>\n\t\t\t\t<\/div>\n\t\t\t\t\t<\/div>\n\t\t<\/div>\n\t\t\t\t<div class=\"elementor-column elementor-col-50 elementor-top-column elementor-element elementor-element-19496cee elementor-invisible\" data-id=\"19496cee\" data-element_type=\"column\" data-e-type=\"column\" data-settings=\"{&quot;animation&quot;:&quot;fadeInLeft&quot;}\">\n\t\t\t<div class=\"elementor-widget-wrap elementor-element-populated\">\n\t\t\t\t\t\t<div class=\"elementor-element elementor-element-2190f1d1 elementor-widget elementor-widget-image\" data-id=\"2190f1d1\" data-element_type=\"widget\" data-e-type=\"widget\" data-widget_type=\"image.default\">\n\t\t\t\t<div class=\"elementor-widget-container\">\n\t\t\t\t\t\t\t\t\t\t\t\t\t\t\t<img fetchpriority=\"high\" decoding=\"async\" width=\"2000\" height=\"1331\" src=\"https:\/\/bo-abogados.es\/wp-content\/uploads\/2024\/06\/lawyers-give-advice-about-judgment-agreements-justice-customer.jpg\" class=\"attachment-full size-full wp-image-679\" alt=\"Lawyers give advice about judgment, agreements, justice Customer\" srcset=\"https:\/\/bo-abogados.es\/wp-content\/uploads\/2024\/06\/lawyers-give-advice-about-judgment-agreements-justice-customer.jpg 2000w, https:\/\/bo-abogados.es\/wp-content\/uploads\/2024\/06\/lawyers-give-advice-about-judgment-agreements-justice-customer-300x200.jpg 300w, https:\/\/bo-abogados.es\/wp-content\/uploads\/2024\/06\/lawyers-give-advice-about-judgment-agreements-justice-customer-1024x681.jpg 1024w, https:\/\/bo-abogados.es\/wp-content\/uploads\/2024\/06\/lawyers-give-advice-about-judgment-agreements-justice-customer-768x511.jpg 768w, https:\/\/bo-abogados.es\/wp-content\/uploads\/2024\/06\/lawyers-give-advice-about-judgment-agreements-justice-customer-1536x1022.jpg 1536w, https:\/\/bo-abogados.es\/wp-content\/uploads\/2024\/06\/lawyers-give-advice-about-judgment-agreements-justice-customer-18x12.jpg 18w\" sizes=\"(max-width: 2000px) 100vw, 2000px\" \/>\t\t\t\t\t\t\t\t\t\t\t\t\t\t\t<\/div>\n\t\t\t\t<\/div>\n\t\t\t\t\t<\/div>\n\t\t<\/div>\n\t\t\t\t\t<\/div>\n\t\t<\/section>\n\t\t\t\t<section class=\"elementor-section elementor-top-section elementor-element elementor-element-665ce294 elementor-section-boxed elementor-section-height-default elementor-section-height-default\" data-id=\"665ce294\" data-element_type=\"section\" data-e-type=\"section\">\n\t\t\t\t\t\t<div class=\"elementor-container elementor-column-gap-default\">\n\t\t\t\t\t<div class=\"elementor-column elementor-col-100 elementor-top-column elementor-element elementor-element-663ab3fe\" data-id=\"663ab3fe\" data-element_type=\"column\" data-e-type=\"column\">\n\t\t\t<div class=\"elementor-widget-wrap elementor-element-populated\">\n\t\t\t\t\t\t<div class=\"elementor-element elementor-element-4e1907b4 elementor-widget elementor-widget-heading\" data-id=\"4e1907b4\" data-element_type=\"widget\" data-e-type=\"widget\" data-widget_type=\"heading.default\">\n\t\t\t\t<div class=\"elementor-widget-container\">\n\t\t\t\t\t<h2 class=\"elementor-heading-title elementor-size-default\">Nuestros servicios<\/h2>\t\t\t\t<\/div>\n\t\t\t\t<\/div>\n\t\t\t\t<div class=\"elementor-element elementor-element-71d338dc elementor-widget-divider--view-line_icon elementor-view-default elementor-widget-divider--element-align-center elementor-widget elementor-widget-divider\" data-id=\"71d338dc\" data-element_type=\"widget\" data-e-type=\"widget\" data-widget_type=\"divider.default\">\n\t\t\t\t<div class=\"elementor-widget-container\">\n\t\t\t\t\t\t\t<div class=\"elementor-divider\">\n\t\t\t<span class=\"elementor-divider-separator\">\n\t\t\t\t\t\t\t<div class=\"elementor-icon elementor-divider__element\">\n\t\t\t\t\t<svg aria-hidden=\"true\" class=\"e-font-icon-svg e-fas-balance-scale\" viewBox=\"0 0 640 512\" xmlns=\"http:\/\/www.w3.org\/2000\/svg\"><path d=\"M256 336h-.02c0-16.18 1.34-8.73-85.05-181.51-17.65-35.29-68.19-35.36-85.87 0C-2.06 328.75.02 320.33.02 336H0c0 44.18 57.31 80 128 80s128-35.82 128-80zM128 176l72 144H56l72-144zm511.98 160c0-16.18 1.34-8.73-85.05-181.51-17.65-35.29-68.19-35.36-85.87 0-87.12 174.26-85.04 165.84-85.04 181.51H384c0 44.18 57.31 80 128 80s128-35.82 128-80h-.02zM440 320l72-144 72 144H440zm88 128H352V153.25c23.51-10.29 41.16-31.48 46.39-57.25H528c8.84 0 16-7.16 16-16V48c0-8.84-7.16-16-16-16H383.64C369.04 12.68 346.09 0 320 0s-49.04 12.68-63.64 32H112c-8.84 0-16 7.16-16 16v32c0 8.84 7.16 16 16 16h129.61c5.23 25.76 22.87 46.96 46.39 57.25V448H112c-8.84 0-16 7.16-16 16v32c0 8.84 7.16 16 16 16h416c8.84 0 16-7.16 16-16v-32c0-8.84-7.16-16-16-16z\"><\/path><\/svg><\/div>\n\t\t\t\t\t\t<\/span>\n\t\t<\/div>\n\t\t\t\t\t\t<\/div>\n\t\t\t\t<\/div>\n\t\t\t\t<section class=\"elementor-section elementor-inner-section elementor-element elementor-element-47b7f3f3 elementor-section-boxed elementor-section-height-default elementor-section-height-default\" data-id=\"47b7f3f3\" data-element_type=\"section\" data-e-type=\"section\">\n\t\t\t\t\t\t<div class=\"elementor-container elementor-column-gap-default\">\n\t\t\t\t\t<div class=\"elementor-column elementor-col-33 elementor-inner-column elementor-element elementor-element-35646258 elementor-invisible\" data-id=\"35646258\" data-element_type=\"column\" data-e-type=\"column\" data-settings=\"{&quot;background_background&quot;:&quot;classic&quot;,&quot;animation&quot;:&quot;fadeInLeft&quot;}\">\n\t\t\t<div class=\"elementor-widget-wrap elementor-element-populated\">\n\t\t\t\t\t<div class=\"elementor-background-overlay\"><\/div>\n\t\t\t\t\t\t<div class=\"elementor-element elementor-element-d1eef62 elementor-widget elementor-widget-icon-box\" data-id=\"d1eef62\" data-element_type=\"widget\" data-e-type=\"widget\" data-widget_type=\"icon-box.default\">\n\t\t\t\t<div class=\"elementor-widget-container\">\n\t\t\t\t\t\t\t<div class=\"elementor-icon-box-wrapper\">\n\n\t\t\t\n\t\t\t\t\t\t<div class=\"elementor-icon-box-content\">\n\n\t\t\t\t\t\t\t\t\t<h4 class=\"elementor-icon-box-title\">\n\t\t\t\t\t\t<a href=\"https:\/\/bo-abogados.es\/derecho-penal\/\" >\n\t\t\t\t\t\t\tDerecho Penal\t\t\t\t\t\t<\/a>\n\t\t\t\t\t<\/h4>\n\t\t\t\t\n\t\t\t\t\n\t\t\t<\/div>\n\t\t\t\n\t\t<\/div>\n\t\t\t\t\t\t<\/div>\n\t\t\t\t<\/div>\n\t\t\t\t\t<\/div>\n\t\t<\/div>\n\t\t\t\t<div class=\"elementor-column elementor-col-33 elementor-inner-column elementor-element elementor-element-20da5e16 elementor-invisible\" data-id=\"20da5e16\" data-element_type=\"column\" data-e-type=\"column\" data-settings=\"{&quot;background_background&quot;:&quot;classic&quot;,&quot;animation&quot;:&quot;fadeInLeft&quot;}\">\n\t\t\t<div class=\"elementor-widget-wrap elementor-element-populated\">\n\t\t\t\t\t<div class=\"elementor-background-overlay\"><\/div>\n\t\t\t\t\t\t<div class=\"elementor-element elementor-element-78050451 elementor-widget elementor-widget-icon-box\" data-id=\"78050451\" data-element_type=\"widget\" data-e-type=\"widget\" data-widget_type=\"icon-box.default\">\n\t\t\t\t<div class=\"elementor-widget-container\">\n\t\t\t\t\t\t\t<div class=\"elementor-icon-box-wrapper\">\n\n\t\t\t\n\t\t\t\t\t\t<div class=\"elementor-icon-box-content\">\n\n\t\t\t\t\t\t\t\t\t<h4 class=\"elementor-icon-box-title\">\n\t\t\t\t\t\t<a href=\"https:\/\/bo-abogados.es\/extranjeria\/\" >\n\t\t\t\t\t\t\tExtranjeria\t\t\t\t\t\t<\/a>\n\t\t\t\t\t<\/h4>\n\t\t\t\t\n\t\t\t\t\n\t\t\t<\/div>\n\t\t\t\n\t\t<\/div>\n\t\t\t\t\t\t<\/div>\n\t\t\t\t<\/div>\n\t\t\t\t\t<\/div>\n\t\t<\/div>\n\t\t\t\t<div class=\"elementor-column elementor-col-33 elementor-inner-column elementor-element elementor-element-766be1b7 elementor-invisible\" data-id=\"766be1b7\" data-element_type=\"column\" data-e-type=\"column\" data-settings=\"{&quot;background_background&quot;:&quot;classic&quot;,&quot;animation&quot;:&quot;fadeInLeft&quot;}\">\n\t\t\t<div class=\"elementor-widget-wrap elementor-element-populated\">\n\t\t\t\t\t<div class=\"elementor-background-overlay\"><\/div>\n\t\t\t\t\t\t<div class=\"elementor-element elementor-element-3c036a54 elementor-widget elementor-widget-icon-box\" data-id=\"3c036a54\" data-element_type=\"widget\" data-e-type=\"widget\" data-widget_type=\"icon-box.default\">\n\t\t\t\t<div class=\"elementor-widget-container\">\n\t\t\t\t\t\t\t<div class=\"elementor-icon-box-wrapper\">\n\n\t\t\t\n\t\t\t\t\t\t<div class=\"elementor-icon-box-content\">\n\n\t\t\t\t\t\t\t\t\t<h4 class=\"elementor-icon-box-title\">\n\t\t\t\t\t\t<a href=\"https:\/\/bo-abogados.es\/penitenciario\/\" >\n\t\t\t\t\t\t\tPenitenciario\t\t\t\t\t\t<\/a>\n\t\t\t\t\t<\/h4>\n\t\t\t\t\n\t\t\t\t\n\t\t\t<\/div>\n\t\t\t\n\t\t<\/div>\n\t\t\t\t\t\t<\/div>\n\t\t\t\t<\/div>\n\t\t\t\t\t<\/div>\n\t\t<\/div>\n\t\t\t\t\t<\/div>\n\t\t<\/section>\n\t\t\t\t<section class=\"elementor-section elementor-inner-section elementor-element elementor-element-345a2023 elementor-section-boxed elementor-section-height-default elementor-section-height-default\" data-id=\"345a2023\" data-element_type=\"section\" data-e-type=\"section\">\n\t\t\t\t\t\t<div class=\"elementor-container elementor-column-gap-default\">\n\t\t\t\t\t<div class=\"elementor-column elementor-col-100 elementor-inner-column elementor-element elementor-element-12d5f2e elementor-invisible\" data-id=\"12d5f2e\" data-element_type=\"column\" data-e-type=\"column\" data-settings=\"{&quot;background_background&quot;:&quot;classic&quot;,&quot;animation&quot;:&quot;fadeInLeft&quot;}\">\n\t\t\t<div class=\"elementor-widget-wrap elementor-element-populated\">\n\t\t\t\t\t<div class=\"elementor-background-overlay\"><\/div>\n\t\t\t\t\t\t<div class=\"elementor-element elementor-element-747306a6 elementor-widget elementor-widget-icon-box\" data-id=\"747306a6\" data-element_type=\"widget\" data-e-type=\"widget\" data-widget_type=\"icon-box.default\">\n\t\t\t\t<div class=\"elementor-widget-container\">\n\t\t\t\t\t\t\t<div class=\"elementor-icon-box-wrapper\">\n\n\t\t\t\n\t\t\t\t\t\t<div class=\"elementor-icon-box-content\">\n\n\t\t\t\t\t\t\t\t\t<h4 class=\"elementor-icon-box-title\">\n\t\t\t\t\t\t<a href=\"https:\/\/bo-abogados.es\/administrativo\/\" >\n\t\t\t\t\t\t\tAdministrativo\t\t\t\t\t\t<\/a>\n\t\t\t\t\t<\/h4>\n\t\t\t\t\n\t\t\t\t\n\t\t\t<\/div>\n\t\t\t\n\t\t<\/div>\n\t\t\t\t\t\t<\/div>\n\t\t\t\t<\/div>\n\t\t\t\t\t<\/div>\n\t\t<\/div>\n\t\t\t\t\t<\/div>\n\t\t<\/section>\n\t\t\t\t\t<\/div>\n\t\t<\/div>\n\t\t\t\t\t<\/div>\n\t\t<\/section>\n\t\t\t\t<\/div>\n\t\t","protected":false},"excerpt":{"rendered":"<p>Bienvenido a Barriuso Abogados \u00a1COn confianza y profesionalidad te solucionaremos todos tus problemas! Sobre nosotros Somos abogados especializados en Derecho Penal, Extranjer\u00eda, Penitenciario y Administrativo. Ofrecemos un servicio integral y personalizado, basado en la confianza mutua. Nuestro objetivo es adaptarnos a sus necesidades, garantizando su satisfacci\u00f3n. Conf\u00ede en nosotros para un servicio excepcional y una [&hellip;]<\/p>\n","protected":false},"author":1,"featured_media":650,"parent":0,"menu_order":0,"comment_status":"closed","ping_status":"closed","template":"elementor_canvas","meta":{"footnotes":""},"class_list":["post-2","page","type-page","status-publish","has-post-thumbnail","hentry"],"yoast_head":"<!-- This site is optimized with the Yoast SEO plugin v27.4 - https:\/\/yoast.com\/product\/yoast-seo-wordpress\/ -->\n<title>Inicio - Barriuso Abogados<\/title>\n<meta name=\"robots\" content=\"index, follow, max-snippet:-1, max-image-preview:large, max-video-preview:-1\" \/>\n<link rel=\"canonical\" href=\"https:\/\/bo-abogados.es\/eus\/\" \/>\n<meta property=\"og:locale\" content=\"en_US\" \/>\n<meta property=\"og:type\" content=\"article\" \/>\n<meta property=\"og:title\" content=\"Inicio - Barriuso Abogados\" \/>\n<meta property=\"og:description\" content=\"Bienvenido a Barriuso Abogados \u00a1COn confianza y profesionalidad te solucionaremos todos tus problemas! Sobre nosotros Somos abogados especializados en Derecho Penal, Extranjer\u00eda, Penitenciario y Administrativo. Ofrecemos un servicio integral y personalizado, basado en la confianza mutua. Nuestro objetivo es adaptarnos a sus necesidades, garantizando su satisfacci\u00f3n. Conf\u00ede en nosotros para un servicio excepcional y una [&hellip;]\" \/>\n<meta property=\"og:url\" content=\"https:\/\/bo-abogados.es\/eus\/\" \/>\n<meta property=\"og:site_name\" content=\"Barriuso Abogados\" \/>\n<meta property=\"article:modified_time\" content=\"2024-07-10T09:31:13+00:00\" \/>\n<meta property=\"og:image\" content=\"https:\/\/bo-abogados.es\/wp-content\/uploads\/2024\/06\/LOGO-e1718695730524.png\" \/>\n\t<meta property=\"og:image:width\" content=\"485\" \/>\n\t<meta property=\"og:image:height\" content=\"377\" \/>\n\t<meta property=\"og:image:type\" content=\"image\/png\" \/>\n<meta name=\"twitter:card\" content=\"summary_large_image\" \/>\n<meta name=\"twitter:label1\" content=\"Est. reading time\" \/>\n\t<meta name=\"twitter:data1\" content=\"1 minutua\" \/>\n<script type=\"application\/ld+json\" class=\"yoast-schema-graph\">{\"@context\":\"https:\\\/\\\/schema.org\",\"@graph\":[{\"@type\":\"WebPage\",\"@id\":\"https:\\\/\\\/bo-abogados.es\\\/\",\"url\":\"https:\\\/\\\/bo-abogados.es\\\/\",\"name\":\"Inicio - Barriuso Abogados\",\"isPartOf\":{\"@id\":\"https:\\\/\\\/bo-abogados.es\\\/#website\"},\"primaryImageOfPage\":{\"@id\":\"https:\\\/\\\/bo-abogados.es\\\/#primaryimage\"},\"image\":{\"@id\":\"https:\\\/\\\/bo-abogados.es\\\/#primaryimage\"},\"thumbnailUrl\":\"https:\\\/\\\/bo-abogados.es\\\/wp-content\\\/uploads\\\/2024\\\/06\\\/LOGO-e1718695730524.png\",\"datePublished\":\"2024-05-28T11:07:39+00:00\",\"dateModified\":\"2024-07-10T09:31:13+00:00\",\"breadcrumb\":{\"@id\":\"https:\\\/\\\/bo-abogados.es\\\/#breadcrumb\"},\"inLanguage\":\"eu\",\"potentialAction\":[{\"@type\":\"ReadAction\",\"target\":[\"https:\\\/\\\/bo-abogados.es\\\/\"]}]},{\"@type\":\"ImageObject\",\"inLanguage\":\"eu\",\"@id\":\"https:\\\/\\\/bo-abogados.es\\\/#primaryimage\",\"url\":\"https:\\\/\\\/bo-abogados.es\\\/wp-content\\\/uploads\\\/2024\\\/06\\\/LOGO-e1718695730524.png\",\"contentUrl\":\"https:\\\/\\\/bo-abogados.es\\\/wp-content\\\/uploads\\\/2024\\\/06\\\/LOGO-e1718695730524.png\",\"width\":485,\"height\":377},{\"@type\":\"BreadcrumbList\",\"@id\":\"https:\\\/\\\/bo-abogados.es\\\/#breadcrumb\",\"itemListElement\":[{\"@type\":\"ListItem\",\"position\":1,\"name\":\"Portada\",\"item\":\"https:\\\/\\\/bo-abogados.es\\\/\"},{\"@type\":\"ListItem\",\"position\":2,\"name\":\"Inicio\"}]},{\"@type\":\"WebSite\",\"@id\":\"https:\\\/\\\/bo-abogados.es\\\/#website\",\"url\":\"https:\\\/\\\/bo-abogados.es\\\/\",\"name\":\"Barriuso Abogados\",\"description\":\"Somos abogados especializados en Derecho Penal, Extranjer\u00eda, Penitenciario y Administrativo. Ofrecemos un servicio integral y personalizado, basado en la confianza mutua.\",\"publisher\":{\"@id\":\"https:\\\/\\\/bo-abogados.es\\\/#organization\"},\"potentialAction\":[{\"@type\":\"SearchAction\",\"target\":{\"@type\":\"EntryPoint\",\"urlTemplate\":\"https:\\\/\\\/bo-abogados.es\\\/?s={search_term_string}\"},\"query-input\":{\"@type\":\"PropertyValueSpecification\",\"valueRequired\":true,\"valueName\":\"search_term_string\"}}],\"inLanguage\":\"eu\"},{\"@type\":\"Organization\",\"@id\":\"https:\\\/\\\/bo-abogados.es\\\/#organization\",\"name\":\"Barriuso Abogados\",\"url\":\"https:\\\/\\\/bo-abogados.es\\\/\",\"logo\":{\"@type\":\"ImageObject\",\"inLanguage\":\"eu\",\"@id\":\"https:\\\/\\\/bo-abogados.es\\\/#\\\/schema\\\/logo\\\/image\\\/\",\"url\":\"https:\\\/\\\/bo-abogados.es\\\/wp-content\\\/uploads\\\/2024\\\/06\\\/cropped-LOGO-e1718695730524.png\",\"contentUrl\":\"https:\\\/\\\/bo-abogados.es\\\/wp-content\\\/uploads\\\/2024\\\/06\\\/cropped-LOGO-e1718695730524.png\",\"width\":485,\"height\":377,\"caption\":\"Barriuso Abogados\"},\"image\":{\"@id\":\"https:\\\/\\\/bo-abogados.es\\\/#\\\/schema\\\/logo\\\/image\\\/\"}}]}<\/script>\n<!-- \/ Yoast SEO plugin. -->","yoast_head_json":{"title":"Inicio - Barriuso Abogados","robots":{"index":"index","follow":"follow","max-snippet":"max-snippet:-1","max-image-preview":"max-image-preview:large","max-video-preview":"max-video-preview:-1"},"canonical":"https:\/\/bo-abogados.es\/eus\/","og_locale":"en_US","og_type":"article","og_title":"Inicio - Barriuso Abogados","og_description":"Bienvenido a Barriuso Abogados \u00a1COn confianza y profesionalidad te solucionaremos todos tus problemas! Sobre nosotros Somos abogados especializados en Derecho Penal, Extranjer\u00eda, Penitenciario y Administrativo. Ofrecemos un servicio integral y personalizado, basado en la confianza mutua. Nuestro objetivo es adaptarnos a sus necesidades, garantizando su satisfacci\u00f3n. Conf\u00ede en nosotros para un servicio excepcional y una [&hellip;]","og_url":"https:\/\/bo-abogados.es\/eus\/","og_site_name":"Barriuso Abogados","article_modified_time":"2024-07-10T09:31:13+00:00","og_image":[{"width":485,"height":377,"url":"https:\/\/bo-abogados.es\/wp-content\/uploads\/2024\/06\/LOGO-e1718695730524.png","type":"image\/png"}],"twitter_card":"summary_large_image","twitter_misc":{"Est. reading time":"1 minutua"},"schema":{"@context":"https:\/\/schema.org","@graph":[{"@type":"WebPage","@id":"https:\/\/bo-abogados.es\/","url":"https:\/\/bo-abogados.es\/","name":"Inicio - Barriuso Abogados","isPartOf":{"@id":"https:\/\/bo-abogados.es\/#website"},"primaryImageOfPage":{"@id":"https:\/\/bo-abogados.es\/#primaryimage"},"image":{"@id":"https:\/\/bo-abogados.es\/#primaryimage"},"thumbnailUrl":"https:\/\/bo-abogados.es\/wp-content\/uploads\/2024\/06\/LOGO-e1718695730524.png","datePublished":"2024-05-28T11:07:39+00:00","dateModified":"2024-07-10T09:31:13+00:00","breadcrumb":{"@id":"https:\/\/bo-abogados.es\/#breadcrumb"},"inLanguage":"eu","potentialAction":[{"@type":"ReadAction","target":["https:\/\/bo-abogados.es\/"]}]},{"@type":"ImageObject","inLanguage":"eu","@id":"https:\/\/bo-abogados.es\/#primaryimage","url":"https:\/\/bo-abogados.es\/wp-content\/uploads\/2024\/06\/LOGO-e1718695730524.png","contentUrl":"https:\/\/bo-abogados.es\/wp-content\/uploads\/2024\/06\/LOGO-e1718695730524.png","width":485,"height":377},{"@type":"BreadcrumbList","@id":"https:\/\/bo-abogados.es\/#breadcrumb","itemListElement":[{"@type":"ListItem","position":1,"name":"Portada","item":"https:\/\/bo-abogados.es\/"},{"@type":"ListItem","position":2,"name":"Inicio"}]},{"@type":"WebSite","@id":"https:\/\/bo-abogados.es\/#website","url":"https:\/\/bo-abogados.es\/","name":"Barriuso Abokatu ra","description":"Somos abogados especializados en Derecho Penal, Extranjer\u00eda, Penitenciario y Administrativo. Ofrecemos un servicio integral y personalizado, basado en la confianza mutua.","publisher":{"@id":"https:\/\/bo-abogados.es\/#organization"},"potentialAction":[{"@type":"SearchAction","target":{"@type":"EntryPoint","urlTemplate":"https:\/\/bo-abogados.es\/?s={search_term_string}"},"query-input":{"@type":"PropertyValueSpecification","valueRequired":true,"valueName":"search_term_string"}}],"inLanguage":"eu"},{"@type":"Organization","@id":"https:\/\/bo-abogados.es\/#organization","name":"Barriuso Abokatu ra","url":"https:\/\/bo-abogados.es\/","logo":{"@type":"ImageObject","inLanguage":"eu","@id":"https:\/\/bo-abogados.es\/#\/schema\/logo\/image\/","url":"https:\/\/bo-abogados.es\/wp-content\/uploads\/2024\/06\/cropped-LOGO-e1718695730524.png","contentUrl":"https:\/\/bo-abogados.es\/wp-content\/uploads\/2024\/06\/cropped-LOGO-e1718695730524.png","width":485,"height":377,"caption":"Barriuso Abogados"},"image":{"@id":"https:\/\/bo-abogados.es\/#\/schema\/logo\/image\/"}}]}},"_links":{"self":[{"href":"https:\/\/bo-abogados.es\/eus\/wp-json\/wp\/v2\/pages\/2","targetHints":{"allow":["GET"]}}],"collection":[{"href":"https:\/\/bo-abogados.es\/eus\/wp-json\/wp\/v2\/pages"}],"about":[{"href":"https:\/\/bo-abogados.es\/eus\/wp-json\/wp\/v2\/types\/page"}],"author":[{"embeddable":true,"href":"https:\/\/bo-abogados.es\/eus\/wp-json\/wp\/v2\/users\/1"}],"replies":[{"embeddable":true,"href":"https:\/\/bo-abogados.es\/eus\/wp-json\/wp\/v2\/comments?post=2"}],"version-history":[{"count":145,"href":"https:\/\/bo-abogados.es\/eus\/wp-json\/wp\/v2\/pages\/2\/revisions"}],"predecessor-version":[{"id":907,"href":"https:\/\/bo-abogados.es\/eus\/wp-json\/wp\/v2\/pages\/2\/revisions\/907"}],"wp:featuredmedia":[{"embeddable":true,"href":"https:\/\/bo-abogados.es\/eus\/wp-json\/wp\/v2\/media\/650"}],"wp:attachment":[{"href":"https:\/\/bo-abogados.es\/eus\/wp-json\/wp\/v2\/media?parent=2"}],"curies":[{"name":"wp","href":"https:\/\/api.w.org\/{rel}","templated":true}]}}